{"id":3443,"date":"2017-03-24T23:44:47","date_gmt":"2017-03-24T22:44:47","guid":{"rendered":"http:\/\/import.pcc.xmedia1.de\/?page_id=3443"},"modified":"2017-03-28T11:31:34","modified_gmt":"2017-03-28T09:31:34","slug":"zahlungsarten","status":"publish","type":"page","link":"https:\/\/alt.pcc-fc.com\/shop\/zahlungsarten\/","title":{"rendered":"Zahlungsarten"},"content":{"rendered":"<p>Wir bieten Ihnen folgende Zahlungsarten an. Suchen Sie sich einfach die f\u00fcr Sie optimale Zahlart aus. Die Versandkosten sind teilweise abh\u00e4ngig von der gew\u00e4hlten Zahlungsart. Die in den jeweiligen Angeboten angef\u00fchrten Preise stellen Endpreise dar. Sie beinhalten alle Preisbestandteile einschlie\u00dflich etwaig anfallender Steuern wie Mehrwertsteuer. Nur bei grenz\u00fcberschreitender Lieferung k\u00f6nnen im Einzelfall weitere Steuern (z.B. im Falle eines innergemeinschaftlichen Erwerbs) und\/oder Abgaben (z.B. Z\u00f6lle) von Ihnen zu zahlen sein, jedoch nicht an den Verk\u00e4ufer, sondern an die dort zust\u00e4ndigen Zoll- bzw. Steuerbeh\u00f6rden. Die anfallenden Liefer- und Versandkosten sind nicht im Kaufpreis enthalten, sie sind \u00fcber die Seite \u201eVersandkosten\u201c aufrufbar, werden im Laufe des Bestellvorganges gesondert ausgewiesen und sind von Ihnen zus\u00e4tzlich zu tragen.<\/p>\n<p><em>Nachnahme<\/em><\/p>\n<p>Bitte halten Sie den Rechnungsbetrag bereit; der Zusteller kassiert bei Lieferung in bar (keine Schecks). Bei Nachnahme fallen zus\u00e4tzlich [8.30 EUR Nachnahmegeb\u00fchren] an, die direkt an den Paketzusteller zu entrichten sind.<\/p>\n<p><em>Lastschrift<\/em><\/p>\n<p>Wir ziehen den Rechnungsbetrag Ihrer Bestellung von Ihrem hinterlegten Bankkonto nach der get\u00e4tigten Bestellung ein.<\/p>\n<p><em>Auf Rechnung<\/em><\/p>\n<p>Einfach bestellen und im Anschlu\u00df erst bezahlen.<\/p>\n<p><em>Kreditkarte<\/em><\/p>\n<p>Zahlen Sie ganz einfach per Kreditkarte.<\/p>\n<p><em>PayPal<\/em><\/p>\n<p>Noch schneller und sicherer bezahlen mit ihrem PayPal-Konto. [Plus 2% der Bestellsumme Geb\u00fchr]<\/p>\n","protected":false},"excerpt":{"rendered":"<p>Wir bieten Ihnen folgende Zahlungsarten an. Suchen Sie sich einfach die f\u00fcr Sie optimale Zahlart aus. Die Versandkosten sind teilweise abh\u00e4ngig von der gew\u00e4hlten Zahlungsart. Die in den jeweiligen Angeboten angef\u00fchrten Preise stellen Endpreise dar. Sie beinhalten alle Preisbestandteile einschlie\u00dflich etwaig anfallender Steuern wie Mehrwertsteuer. Nur bei grenz\u00fcberschreitender Lieferung k\u00f6nnen im Einzelfall weitere Steuern (z.B. [&hellip;]<\/p>\n","protected":false},"author":1,"featured_media":0,"parent":0,"menu_order":0,"comment_status":"closed","ping_status":"closed","template":"template-fullwidth.php","meta":{"content-type":"","footnotes":""},"class_list":["post-3443","page","type-page","status-publish","hentry"],"yoast_head":"<!-- This site is optimized with the Yoast SEO plugin v27.5 - https:\/\/yoast.com\/product\/yoast-seo-wordpress\/ -->\n<title>Zahlungsarten - PCC FoliaConcept GmbH<\/title>\n<meta name=\"robots\" content=\"index, follow, max-snippet:-1, max-image-preview:large, max-video-preview:-1\" \/>\n<link rel=\"canonical\" href=\"https:\/\/alt.pcc-fc.com\/shop\/zahlungsarten\/\" \/>\n<meta property=\"og:locale\" content=\"de_DE\" \/>\n<meta property=\"og:type\" content=\"article\" \/>\n<meta property=\"og:title\" content=\"Zahlungsarten - PCC FoliaConcept GmbH\" \/>\n<meta property=\"og:description\" content=\"Wir bieten Ihnen folgende Zahlungsarten an. Suchen Sie sich einfach die f\u00fcr Sie optimale Zahlart aus. Die Versandkosten sind teilweise abh\u00e4ngig von der gew\u00e4hlten Zahlungsart. Die in den jeweiligen Angeboten angef\u00fchrten Preise stellen Endpreise dar. Sie beinhalten alle Preisbestandteile einschlie\u00dflich etwaig anfallender Steuern wie Mehrwertsteuer. Nur bei grenz\u00fcberschreitender Lieferung k\u00f6nnen im Einzelfall weitere Steuern (z.B. [&hellip;]\" \/>\n<meta property=\"og:url\" content=\"https:\/\/alt.pcc-fc.com\/shop\/zahlungsarten\/\" \/>\n<meta property=\"og:site_name\" content=\"PCC FoliaConcept GmbH\" \/>\n<meta property=\"article:modified_time\" content=\"2017-03-28T09:31:34+00:00\" \/>\n<meta name=\"twitter:card\" content=\"summary_large_image\" \/>\n<meta name=\"twitter:label1\" content=\"Gesch\u00e4tzte Lesezeit\" \/>\n\t<meta name=\"twitter:data1\" content=\"1\u00a0Minute\" \/>\n<script type=\"application\/ld+json\" class=\"yoast-schema-graph\">{\"@context\":\"https:\\\/\\\/schema.org\",\"@graph\":[{\"@type\":\"WebPage\",\"@id\":\"https:\\\/\\\/alt.pcc-fc.com\\\/shop\\\/zahlungsarten\\\/\",\"url\":\"https:\\\/\\\/alt.pcc-fc.com\\\/shop\\\/zahlungsarten\\\/\",\"name\":\"Zahlungsarten - PCC FoliaConcept GmbH\",\"isPartOf\":{\"@id\":\"https:\\\/\\\/alt.pcc-fc.com\\\/shop\\\/#website\"},\"datePublished\":\"2017-03-24T22:44:47+00:00\",\"dateModified\":\"2017-03-28T09:31:34+00:00\",\"breadcrumb\":{\"@id\":\"https:\\\/\\\/alt.pcc-fc.com\\\/shop\\\/zahlungsarten\\\/#breadcrumb\"},\"inLanguage\":\"de\",\"potentialAction\":[{\"@type\":\"ReadAction\",\"target\":[\"https:\\\/\\\/alt.pcc-fc.com\\\/shop\\\/zahlungsarten\\\/\"]}]},{\"@type\":\"BreadcrumbList\",\"@id\":\"https:\\\/\\\/alt.pcc-fc.com\\\/shop\\\/zahlungsarten\\\/#breadcrumb\",\"itemListElement\":[{\"@type\":\"ListItem\",\"position\":1,\"name\":\"Startseite\",\"item\":\"https:\\\/\\\/alt.pcc-fc.com\\\/shop\\\/\"},{\"@type\":\"ListItem\",\"position\":2,\"name\":\"Zahlungsarten\"}]},{\"@type\":\"WebSite\",\"@id\":\"https:\\\/\\\/alt.pcc-fc.com\\\/shop\\\/#website\",\"url\":\"https:\\\/\\\/alt.pcc-fc.com\\\/shop\\\/\",\"name\":\"PCC FoliaConcept GmbH\",\"description\":\"Pro Customer Concept\",\"publisher\":{\"@id\":\"https:\\\/\\\/alt.pcc-fc.com\\\/shop\\\/#organization\"},\"potentialAction\":[{\"@type\":\"SearchAction\",\"target\":{\"@type\":\"EntryPoint\",\"urlTemplate\":\"https:\\\/\\\/alt.pcc-fc.com\\\/shop\\\/?s={search_term_string}\"},\"query-input\":{\"@type\":\"PropertyValueSpecification\",\"valueRequired\":true,\"valueName\":\"search_term_string\"}}],\"inLanguage\":\"de\"},{\"@type\":\"Organization\",\"@id\":\"https:\\\/\\\/alt.pcc-fc.com\\\/shop\\\/#organization\",\"name\":\"PCC FoliaConcept GmbH\",\"url\":\"https:\\\/\\\/alt.pcc-fc.com\\\/shop\\\/\",\"logo\":{\"@type\":\"ImageObject\",\"inLanguage\":\"de\",\"@id\":\"https:\\\/\\\/alt.pcc-fc.com\\\/shop\\\/#\\\/schema\\\/logo\\\/image\\\/\",\"url\":\"https:\\\/\\\/alt.pcc-fc.com\\\/shop\\\/wp-content\\\/uploads\\\/2017\\\/03\\\/cropped-PCC-Logo.jpg\",\"contentUrl\":\"https:\\\/\\\/alt.pcc-fc.com\\\/shop\\\/wp-content\\\/uploads\\\/2017\\\/03\\\/cropped-PCC-Logo.jpg\",\"width\":156,\"height\":110,\"caption\":\"PCC FoliaConcept GmbH\"},\"image\":{\"@id\":\"https:\\\/\\\/alt.pcc-fc.com\\\/shop\\\/#\\\/schema\\\/logo\\\/image\\\/\"}}]}<\/script>\n<!-- \/ Yoast SEO plugin. -->","yoast_head_json":{"title":"Zahlungsarten - PCC FoliaConcept GmbH","robots":{"index":"index","follow":"follow","max-snippet":"max-snippet:-1","max-image-preview":"max-image-preview:large","max-video-preview":"max-video-preview:-1"},"canonical":"https:\/\/alt.pcc-fc.com\/shop\/zahlungsarten\/","og_locale":"de_DE","og_type":"article","og_title":"Zahlungsarten - PCC FoliaConcept GmbH","og_description":"Wir bieten Ihnen folgende Zahlungsarten an. Suchen Sie sich einfach die f\u00fcr Sie optimale Zahlart aus. Die Versandkosten sind teilweise abh\u00e4ngig von der gew\u00e4hlten Zahlungsart. Die in den jeweiligen Angeboten angef\u00fchrten Preise stellen Endpreise dar. Sie beinhalten alle Preisbestandteile einschlie\u00dflich etwaig anfallender Steuern wie Mehrwertsteuer. Nur bei grenz\u00fcberschreitender Lieferung k\u00f6nnen im Einzelfall weitere Steuern (z.B. [&hellip;]","og_url":"https:\/\/alt.pcc-fc.com\/shop\/zahlungsarten\/","og_site_name":"PCC FoliaConcept GmbH","article_modified_time":"2017-03-28T09:31:34+00:00","twitter_card":"summary_large_image","twitter_misc":{"Gesch\u00e4tzte Lesezeit":"1\u00a0Minute"},"schema":{"@context":"https:\/\/schema.org","@graph":[{"@type":"WebPage","@id":"https:\/\/alt.pcc-fc.com\/shop\/zahlungsarten\/","url":"https:\/\/alt.pcc-fc.com\/shop\/zahlungsarten\/","name":"Zahlungsarten - PCC FoliaConcept GmbH","isPartOf":{"@id":"https:\/\/alt.pcc-fc.com\/shop\/#website"},"datePublished":"2017-03-24T22:44:47+00:00","dateModified":"2017-03-28T09:31:34+00:00","breadcrumb":{"@id":"https:\/\/alt.pcc-fc.com\/shop\/zahlungsarten\/#breadcrumb"},"inLanguage":"de","potentialAction":[{"@type":"ReadAction","target":["https:\/\/alt.pcc-fc.com\/shop\/zahlungsarten\/"]}]},{"@type":"BreadcrumbList","@id":"https:\/\/alt.pcc-fc.com\/shop\/zahlungsarten\/#breadcrumb","itemListElement":[{"@type":"ListItem","position":1,"name":"Startseite","item":"https:\/\/alt.pcc-fc.com\/shop\/"},{"@type":"ListItem","position":2,"name":"Zahlungsarten"}]},{"@type":"WebSite","@id":"https:\/\/alt.pcc-fc.com\/shop\/#website","url":"https:\/\/alt.pcc-fc.com\/shop\/","name":"PCC FoliaConcept GmbH","description":"Pro Customer Concept","publisher":{"@id":"https:\/\/alt.pcc-fc.com\/shop\/#organization"},"potentialAction":[{"@type":"SearchAction","target":{"@type":"EntryPoint","urlTemplate":"https:\/\/alt.pcc-fc.com\/shop\/?s={search_term_string}"},"query-input":{"@type":"PropertyValueSpecification","valueRequired":true,"valueName":"search_term_string"}}],"inLanguage":"de"},{"@type":"Organization","@id":"https:\/\/alt.pcc-fc.com\/shop\/#organization","name":"PCC FoliaConcept GmbH","url":"https:\/\/alt.pcc-fc.com\/shop\/","logo":{"@type":"ImageObject","inLanguage":"de","@id":"https:\/\/alt.pcc-fc.com\/shop\/#\/schema\/logo\/image\/","url":"https:\/\/alt.pcc-fc.com\/shop\/wp-content\/uploads\/2017\/03\/cropped-PCC-Logo.jpg","contentUrl":"https:\/\/alt.pcc-fc.com\/shop\/wp-content\/uploads\/2017\/03\/cropped-PCC-Logo.jpg","width":156,"height":110,"caption":"PCC FoliaConcept GmbH"},"image":{"@id":"https:\/\/alt.pcc-fc.com\/shop\/#\/schema\/logo\/image\/"}}]}},"_links":{"self":[{"href":"https:\/\/alt.pcc-fc.com\/shop\/wp-json\/wp\/v2\/pages\/3443","targetHints":{"allow":["GET"]}}],"collection":[{"href":"https:\/\/alt.pcc-fc.com\/shop\/wp-json\/wp\/v2\/pages"}],"about":[{"href":"https:\/\/alt.pcc-fc.com\/shop\/wp-json\/wp\/v2\/types\/page"}],"author":[{"embeddable":true,"href":"https:\/\/alt.pcc-fc.com\/shop\/wp-json\/wp\/v2\/users\/1"}],"replies":[{"embeddable":true,"href":"https:\/\/alt.pcc-fc.com\/shop\/wp-json\/wp\/v2\/comments?post=3443"}],"version-history":[{"count":3,"href":"https:\/\/alt.pcc-fc.com\/shop\/wp-json\/wp\/v2\/pages\/3443\/revisions"}],"predecessor-version":[{"id":3662,"href":"https:\/\/alt.pcc-fc.com\/shop\/wp-json\/wp\/v2\/pages\/3443\/revisions\/3662"}],"wp:attachment":[{"href":"https:\/\/alt.pcc-fc.com\/shop\/wp-json\/wp\/v2\/media?parent=3443"}],"curies":[{"name":"wp","href":"https:\/\/api.w.org\/{rel}","templated":true}]}}