{"id":14666,"date":"2017-05-12T23:38:49","date_gmt":"2017-05-12T21:38:49","guid":{"rendered":"https:\/\/shop.pcc-fc.com\/?page_id=14666"},"modified":"2017-05-17T10:18:48","modified_gmt":"2017-05-17T08:18:48","slug":"upload-registrierung","status":"publish","type":"page","link":"https:\/\/alt.pcc-fc.com\/shop\/upload-registrierung\/","title":{"rendered":"Upload Registrierung"},"content":{"rendered":"<div class=\"frm_forms  with_frm_style frm_style_formidable-style\" id=\"frm_form_7_container\" >\n<form enctype=\"multipart\/form-data\" method=\"post\" class=\"frm-show-form  frm_js_validate  frm_ajax_submit  frm_pro_form \" id=\"form_hu2s\" >\n<div class=\"frm_form_fields \">\n<fieldset>\n<legend class=\"frm_hidden\">Upload Registrierung<\/legend>\r\n<h3 class=\"frm_form_title\">Upload Registrierung<\/h3>\r\n<div class=\"frm_description\"><p>Registrieren Sie sich hier f\u00fcr einen pers\u00f6nlichen Zugang.<\/p>\n<\/div><div class=\"frm_fields_container\">\n<input type=\"hidden\" name=\"frm_action\" value=\"create\" \/>\n<input type=\"hidden\" name=\"form_id\" value=\"7\" \/>\n<input type=\"hidden\" name=\"frm_hide_fields_7\" id=\"frm_hide_fields_7\" value=\"\" \/>\n<input type=\"hidden\" name=\"form_key\" value=\"hu2s\" \/>\n<input type=\"hidden\" name=\"item_meta[0]\" value=\"\" \/>\n<input type=\"hidden\" id=\"frm_submit_entry_7\" name=\"frm_submit_entry_7\" value=\"54942eeffa\" \/><input type=\"hidden\" name=\"_wp_http_referer\" value=\"\/shop\/wp-json\/wp\/v2\/pages\/14666\" \/><div id=\"frm_field_77_container\" class=\"frm_form_field form-field  frm_required_field frm_top_container frm_first frm_half\">\r\n    <label for=\"field_q6p1g\" class=\"frm_primary_label\">Firma\r\n        <span class=\"frm_required\">*<\/span>\r\n    <\/label>\r\n    <input  type=\"text\" id=\"field_q6p1g\" name=\"item_meta[77]\" value=\"\"  data-reqmsg=\"Bitte geben Sie ihre Firma ein\" aria-required=\"true\" data-invmsg=\"Firma ist ung\u00fcltig\" aria-invalid=\"false\"   \/>\r\n    \r\n    \r\n<\/div>\n<div id=\"frm_field_78_container\" class=\"frm_form_field form-field  frm_required_field frm_top_container frm_half\">\r\n    <label for=\"field_50tk0\" class=\"frm_primary_label\">Telefon\r\n        <span class=\"frm_required\">*<\/span>\r\n    <\/label>\r\n    <input  type=\"text\" id=\"field_50tk0\" name=\"item_meta[78]\" value=\"\"  data-reqmsg=\"Bitte geben Sie Ihre Telefonnummer ein\" aria-required=\"true\" data-invmsg=\"Telefon ist ung\u00fcltig\" aria-invalid=\"false\"   \/>\r\n    \r\n    \r\n<\/div>\n<div id=\"frm_field_79_container\" class=\"frm_form_field form-field  frm_required_field frm_top_container frm_first frm_half\">\r\n    <label for=\"field_diupe\" class=\"frm_primary_label\">Vorname\r\n        <span class=\"frm_required\">*<\/span>\r\n    <\/label>\r\n    <input  type=\"text\" id=\"field_diupe\" name=\"item_meta[79]\" value=\"\"  data-reqmsg=\"Bitte geben Sie Ihren Vornamen ein\" aria-required=\"true\" data-invmsg=\"Vorname ist ung\u00fcltig\" aria-invalid=\"false\"   \/>\r\n    \r\n    \r\n<\/div>\n<div id=\"frm_field_80_container\" class=\"frm_form_field form-field  frm_required_field frm_top_container frm_half\">\r\n    <label for=\"field_xbfce\" class=\"frm_primary_label\">Nachname\r\n        <span class=\"frm_required\">*<\/span>\r\n    <\/label>\r\n    <input  type=\"text\" id=\"field_xbfce\" name=\"item_meta[80]\" value=\"\"  data-reqmsg=\"Bitte geben Sie Ihren Nachnamen ein\" aria-required=\"true\" data-invmsg=\"Nachname ist ung\u00fcltig\" aria-invalid=\"false\"   \/>\r\n    \r\n    \r\n<\/div>\n<div id=\"frm_field_81_container\" class=\"frm_form_field form-field  frm_required_field frm_top_container frm_first frm_half\">\r\n    <label for=\"field_qa3mz\" class=\"frm_primary_label\">E-Mail\r\n        <span class=\"frm_required\">*<\/span>\r\n    <\/label>\r\n    <input type=\"email\" id=\"field_qa3mz\" name=\"item_meta[81]\" value=\"\"  data-reqmsg=\"Bitte geben Sie Ihre E-Mail ein\" aria-required=\"true\" data-invmsg=\"E-Mail ist ung\u00fcltig\" aria-invalid=\"false\"  \/>\r\n    \r\n    \r\n<\/div>\n<div id=\"frm_field_82_container\" class=\"frm_form_field form-field  frm_required_field frm_top_container frm_half\">\r\n    <label for=\"field_42nsu\" class=\"frm_primary_label\">Passwort\r\n        <span class=\"frm_required\">*<\/span>\r\n    <\/label>\r\n    <input type=\"password\" id=\"field_42nsu\" name=\"item_meta[82]\" value=\"\"  data-reqmsg=\"Bitte geben Sie Ihr Passwort ein\" aria-required=\"true\" data-invmsg=\"Passwort ist ung\u00fcltig\" aria-invalid=\"false\"  \/>\r\n    \r\n    \r\n<\/div>\n<div id=\"frm_field_83_container\" class=\"frm_form_field form-field  frm_required_field frm_top_container vertical_radio\">\r\n    <div class=\"frm_opt_container\">\t\t<div class=\"frm_checkbox\" id=\"frm_checkbox_83-0\">\t\t\t<label  for=\"field_14ip0-0\">\n\t\t\t<input type=\"checkbox\" name=\"item_meta[83][]\" id=\"field_14ip0-0\" value=\"Ja ich m\u00f6chte ein Konto er\u00f6ffnen und habe die &lt;a href=&quot;\/datenschutz\/&quot; target=&quot;blank&quot;&gt;Datenschutzerkl\u00e4rung&lt;\/a&gt; zur Kenntnis genommen und akzeptiert\"  data-reqmsg=\"Bitte best\u00e4tigen Sie die Kontoer\u00f6ffnung und Datenschutzbestimmungen\" data-invmsg=\"Datenschutz ist ung\u00fcltig\"   aria-required=\"true\"  \/> Ja ich m\u00f6chte ein Konto er\u00f6ffnen und habe die <a href=\"\/datenschutz\/\" target=\"blank\">Datenschutzerkl\u00e4rung<\/a> zur Kenntnis genommen und akzeptiert<\/label><\/div>\n<\/div>\r\n    \r\n    \r\n<\/div>\n<input type=\"hidden\" name=\"item_meta[84]\" id=\"field_t69tu\" value=\"\" data-frmval=\"\"\/>\n\t<input type=\"hidden\" name=\"item_key\" value=\"\" \/>\n\t\t\t<div id=\"frm_field_152_container\">\n\t\t\t<label for=\"field_bw7si\" >\n\t\t\t\tFalls Sie menschlich sind, lassen sie dieses Feld leer.\t\t\t<\/label>\n\t\t\t<input  id=\"field_bw7si\" type=\"text\" class=\"frm_form_field form-field frm_verify\" name=\"item_meta[152]\" value=\"\"  \/>\n\t\t<\/div>\n\t\t<input type=\"hidden\" name=\"frm_register[email]\" value=\"81\"\/>\n<input type=\"hidden\" name=\"frm_register[username]\" value=\"-1\"\/>\n<input type=\"hidden\" name=\"frm_register[password]\" value=\"82\"\/>\n<input type=\"hidden\" name=\"frm_register[subsite_title]\" value=\"username\"\/>\n<input type=\"hidden\" name=\"frm_register[subsite_domain]\" value=\"blog_title\"\/>\n<input type=\"text\" name=\"YXW5R\" value=\"\" style=\"display: none !important;\" \/><input name=\"frm_state\" type=\"hidden\" value=\"PYHWG86SSkbCHxs3\/sQT\/HBg1oSCQzM9Oom9+XRpzlIWBJMLmvakUwiBP\/GX++Sk\" \/><div class=\"frm_submit\">\r\n\r\n<button class=\"frm_button_submit frm_final_submit\" type=\"submit\"   formnovalidate=\"formnovalidate\">Registrierung absenden<\/button>\r\n\r\n<\/div><\/div>\n<\/fieldset>\n<\/div>\n\n<\/form>\n<\/div>\n\n","protected":false},"excerpt":{"rendered":"Upload Registrierung Upload Registrierung Registrieren Sie sich hier f\u00fcr einen pers\u00f6nlichen Zugang. Firma * Telefon * Vorname * Nachname * E-Mail * Passwort * Ja ich m\u00f6chte ein Konto er\u00f6ffnen und habe die Datenschutzerkl\u00e4rung zur Kenntnis genommen und akzeptiert Falls Sie menschlich sind, lassen sie dieses Feld leer. Registrierung absenden","protected":false},"author":1,"featured_media":0,"parent":0,"menu_order":0,"comment_status":"closed","ping_status":"closed","template":"","meta":{"content-type":"","footnotes":""},"class_list":["post-14666","page","type-page","status-publish","hentry"],"yoast_head":"<!-- This site is optimized with the Yoast SEO plugin v27.5 - https:\/\/yoast.com\/product\/yoast-seo-wordpress\/ -->\n<title>Upload Registrierung - PCC FoliaConcept GmbH<\/title>\n<meta name=\"robots\" content=\"index, follow, max-snippet:-1, max-image-preview:large, max-video-preview:-1\" \/>\n<link rel=\"canonical\" href=\"https:\/\/alt.pcc-fc.com\/shop\/upload-registrierung\/\" \/>\n<meta property=\"og:locale\" content=\"de_DE\" \/>\n<meta property=\"og:type\" content=\"article\" \/>\n<meta property=\"og:title\" content=\"Upload Registrierung - PCC FoliaConcept GmbH\" \/>\n<meta property=\"og:url\" content=\"https:\/\/alt.pcc-fc.com\/shop\/upload-registrierung\/\" \/>\n<meta property=\"og:site_name\" content=\"PCC FoliaConcept GmbH\" \/>\n<meta property=\"article:modified_time\" content=\"2017-05-17T08:18:48+00:00\" \/>\n<meta name=\"twitter:card\" content=\"summary_large_image\" \/>\n<script type=\"application\/ld+json\" class=\"yoast-schema-graph\">{\"@context\":\"https:\\\/\\\/schema.org\",\"@graph\":[{\"@type\":\"WebPage\",\"@id\":\"https:\\\/\\\/alt.pcc-fc.com\\\/shop\\\/upload-registrierung\\\/\",\"url\":\"https:\\\/\\\/alt.pcc-fc.com\\\/shop\\\/upload-registrierung\\\/\",\"name\":\"Upload Registrierung - PCC FoliaConcept GmbH\",\"isPartOf\":{\"@id\":\"https:\\\/\\\/alt.pcc-fc.com\\\/shop\\\/#website\"},\"datePublished\":\"2017-05-12T21:38:49+00:00\",\"dateModified\":\"2017-05-17T08:18:48+00:00\",\"breadcrumb\":{\"@id\":\"https:\\\/\\\/alt.pcc-fc.com\\\/shop\\\/upload-registrierung\\\/#breadcrumb\"},\"inLanguage\":\"de\",\"potentialAction\":[{\"@type\":\"ReadAction\",\"target\":[\"https:\\\/\\\/alt.pcc-fc.com\\\/shop\\\/upload-registrierung\\\/\"]}]},{\"@type\":\"BreadcrumbList\",\"@id\":\"https:\\\/\\\/alt.pcc-fc.com\\\/shop\\\/upload-registrierung\\\/#breadcrumb\",\"itemListElement\":[{\"@type\":\"ListItem\",\"position\":1,\"name\":\"Startseite\",\"item\":\"https:\\\/\\\/alt.pcc-fc.com\\\/shop\\\/\"},{\"@type\":\"ListItem\",\"position\":2,\"name\":\"Upload Registrierung\"}]},{\"@type\":\"WebSite\",\"@id\":\"https:\\\/\\\/alt.pcc-fc.com\\\/shop\\\/#website\",\"url\":\"https:\\\/\\\/alt.pcc-fc.com\\\/shop\\\/\",\"name\":\"PCC FoliaConcept GmbH\",\"description\":\"Pro Customer Concept\",\"publisher\":{\"@id\":\"https:\\\/\\\/alt.pcc-fc.com\\\/shop\\\/#organization\"},\"potentialAction\":[{\"@type\":\"SearchAction\",\"target\":{\"@type\":\"EntryPoint\",\"urlTemplate\":\"https:\\\/\\\/alt.pcc-fc.com\\\/shop\\\/?s={search_term_string}\"},\"query-input\":{\"@type\":\"PropertyValueSpecification\",\"valueRequired\":true,\"valueName\":\"search_term_string\"}}],\"inLanguage\":\"de\"},{\"@type\":\"Organization\",\"@id\":\"https:\\\/\\\/alt.pcc-fc.com\\\/shop\\\/#organization\",\"name\":\"PCC FoliaConcept GmbH\",\"url\":\"https:\\\/\\\/alt.pcc-fc.com\\\/shop\\\/\",\"logo\":{\"@type\":\"ImageObject\",\"inLanguage\":\"de\",\"@id\":\"https:\\\/\\\/alt.pcc-fc.com\\\/shop\\\/#\\\/schema\\\/logo\\\/image\\\/\",\"url\":\"https:\\\/\\\/alt.pcc-fc.com\\\/shop\\\/wp-content\\\/uploads\\\/2017\\\/03\\\/cropped-PCC-Logo.jpg\",\"contentUrl\":\"https:\\\/\\\/alt.pcc-fc.com\\\/shop\\\/wp-content\\\/uploads\\\/2017\\\/03\\\/cropped-PCC-Logo.jpg\",\"width\":156,\"height\":110,\"caption\":\"PCC FoliaConcept GmbH\"},\"image\":{\"@id\":\"https:\\\/\\\/alt.pcc-fc.com\\\/shop\\\/#\\\/schema\\\/logo\\\/image\\\/\"}}]}<\/script>\n<!-- \/ Yoast SEO plugin. -->","yoast_head_json":{"title":"Upload Registrierung - PCC FoliaConcept GmbH","robots":{"index":"index","follow":"follow","max-snippet":"max-snippet:-1","max-image-preview":"max-image-preview:large","max-video-preview":"max-video-preview:-1"},"canonical":"https:\/\/alt.pcc-fc.com\/shop\/upload-registrierung\/","og_locale":"de_DE","og_type":"article","og_title":"Upload Registrierung - PCC FoliaConcept GmbH","og_url":"https:\/\/alt.pcc-fc.com\/shop\/upload-registrierung\/","og_site_name":"PCC FoliaConcept GmbH","article_modified_time":"2017-05-17T08:18:48+00:00","twitter_card":"summary_large_image","schema":{"@context":"https:\/\/schema.org","@graph":[{"@type":"WebPage","@id":"https:\/\/alt.pcc-fc.com\/shop\/upload-registrierung\/","url":"https:\/\/alt.pcc-fc.com\/shop\/upload-registrierung\/","name":"Upload Registrierung - PCC FoliaConcept GmbH","isPartOf":{"@id":"https:\/\/alt.pcc-fc.com\/shop\/#website"},"datePublished":"2017-05-12T21:38:49+00:00","dateModified":"2017-05-17T08:18:48+00:00","breadcrumb":{"@id":"https:\/\/alt.pcc-fc.com\/shop\/upload-registrierung\/#breadcrumb"},"inLanguage":"de","potentialAction":[{"@type":"ReadAction","target":["https:\/\/alt.pcc-fc.com\/shop\/upload-registrierung\/"]}]},{"@type":"BreadcrumbList","@id":"https:\/\/alt.pcc-fc.com\/shop\/upload-registrierung\/#breadcrumb","itemListElement":[{"@type":"ListItem","position":1,"name":"Startseite","item":"https:\/\/alt.pcc-fc.com\/shop\/"},{"@type":"ListItem","position":2,"name":"Upload Registrierung"}]},{"@type":"WebSite","@id":"https:\/\/alt.pcc-fc.com\/shop\/#website","url":"https:\/\/alt.pcc-fc.com\/shop\/","name":"PCC FoliaConcept GmbH","description":"Pro Customer Concept","publisher":{"@id":"https:\/\/alt.pcc-fc.com\/shop\/#organization"},"potentialAction":[{"@type":"SearchAction","target":{"@type":"EntryPoint","urlTemplate":"https:\/\/alt.pcc-fc.com\/shop\/?s={search_term_string}"},"query-input":{"@type":"PropertyValueSpecification","valueRequired":true,"valueName":"search_term_string"}}],"inLanguage":"de"},{"@type":"Organization","@id":"https:\/\/alt.pcc-fc.com\/shop\/#organization","name":"PCC FoliaConcept GmbH","url":"https:\/\/alt.pcc-fc.com\/shop\/","logo":{"@type":"ImageObject","inLanguage":"de","@id":"https:\/\/alt.pcc-fc.com\/shop\/#\/schema\/logo\/image\/","url":"https:\/\/alt.pcc-fc.com\/shop\/wp-content\/uploads\/2017\/03\/cropped-PCC-Logo.jpg","contentUrl":"https:\/\/alt.pcc-fc.com\/shop\/wp-content\/uploads\/2017\/03\/cropped-PCC-Logo.jpg","width":156,"height":110,"caption":"PCC FoliaConcept GmbH"},"image":{"@id":"https:\/\/alt.pcc-fc.com\/shop\/#\/schema\/logo\/image\/"}}]}},"_links":{"self":[{"href":"https:\/\/alt.pcc-fc.com\/shop\/wp-json\/wp\/v2\/pages\/14666","targetHints":{"allow":["GET"]}}],"collection":[{"href":"https:\/\/alt.pcc-fc.com\/shop\/wp-json\/wp\/v2\/pages"}],"about":[{"href":"https:\/\/alt.pcc-fc.com\/shop\/wp-json\/wp\/v2\/types\/page"}],"author":[{"embeddable":true,"href":"https:\/\/alt.pcc-fc.com\/shop\/wp-json\/wp\/v2\/users\/1"}],"replies":[{"embeddable":true,"href":"https:\/\/alt.pcc-fc.com\/shop\/wp-json\/wp\/v2\/comments?post=14666"}],"version-history":[{"count":3,"href":"https:\/\/alt.pcc-fc.com\/shop\/wp-json\/wp\/v2\/pages\/14666\/revisions"}],"predecessor-version":[{"id":14672,"href":"https:\/\/alt.pcc-fc.com\/shop\/wp-json\/wp\/v2\/pages\/14666\/revisions\/14672"}],"wp:attachment":[{"href":"https:\/\/alt.pcc-fc.com\/shop\/wp-json\/wp\/v2\/media?parent=14666"}],"curies":[{"name":"wp","href":"https:\/\/api.w.org\/{rel}","templated":true}]}}